{"id":763,"date":"2024-07-12T10:21:57","date_gmt":"2024-07-12T10:21:57","guid":{"rendered":"https:\/\/hotelespel.iptresd.com\/historie\/"},"modified":"2024-12-10T11:24:03","modified_gmt":"2024-12-10T11:24:03","slug":"historie","status":"publish","type":"page","link":"https:\/\/www.hotelespel.com\/fr\/historie\/","title":{"rendered":"Histoire"},"content":{"rendered":"\t\t<div data-elementor-type=\"wp-page\" data-elementor-id=\"763\" class=\"elementor elementor-763 elementor-37\" data-elementor-post-type=\"page\">\n\t\t\t\t<div class=\"elementor-element elementor-element-71832d35 e-con-full e-flex e-con e-parent\" data-id=\"71832d35\" data-element_type=\"container\" data-e-type=\"container\">\n\t\t\t\t<div class=\"elementor-element elementor-element-7f0f22af elementor-widget__width-inherit elementor--h-position-center elementor--v-position-middle elementor-arrows-position-inside elementor-widget elementor-widget-slides\" data-id=\"7f0f22af\" data-element_type=\"widget\" data-e-type=\"widget\" data-settings=\"{&quot;navigation&quot;:&quot;arrows&quot;,&quot;autoplay&quot;:&quot;yes&quot;,&quot;pause_on_hover&quot;:&quot;yes&quot;,&quot;pause_on_interaction&quot;:&quot;yes&quot;,&quot;autoplay_speed&quot;:5000,&quot;infinite&quot;:&quot;yes&quot;,&quot;transition&quot;:&quot;slide&quot;,&quot;transition_speed&quot;:500}\" data-widget_type=\"slides.default\">\n\t\t\t\t<div class=\"elementor-widget-container\">\n\t\t\t\t\t\t\t\t\t<div class=\"elementor-swiper\">\n\t\t\t\t\t<div class=\"elementor-slides-wrapper elementor-main-swiper swiper\" role=\"region\" aria-roledescription=\"carousel\" aria-label=\"Diapositives\" dir=\"ltr\" data-animation=\"fadeInUp\">\n\t\t\t\t<div class=\"swiper-wrapper elementor-slides\">\n\t\t\t\t\t\t\t\t\t\t<div class=\"elementor-repeater-item-2b6ab32 swiper-slide\" role=\"group\" aria-roledescription=\"slide\"><div class=\"swiper-slide-bg\" role=\"img\" aria-label=\"Hotel Espel\"><\/div><div class=\"swiper-slide-inner\" ><div class=\"swiper-slide-contents\"><h1 class=\"elementor-slide-heading\">Histoire<\/h1><\/div><\/div><\/div>\t\t\t\t<\/div>\n\t\t\t\t\t\t\t<\/div>\n\t\t\t\t<\/div>\n\t\t\t\t\t\t\t\t<\/div>\n\t\t\t\t<\/div>\n\t\t\t\t<\/div>\n\t\t<div class=\"elementor-element elementor-element-1531790 e-flex e-con-boxed e-con e-parent\" data-id=\"1531790\" data-element_type=\"container\" data-e-type=\"container\">\n\t\t\t\t\t<div class=\"e-con-inner\">\n\t\t\t\t<div class=\"elementor-element elementor-element-9384419 elementor-widget elementor-widget-spacer\" data-id=\"9384419\" data-element_type=\"widget\" data-e-type=\"widget\" data-widget_type=\"spacer.default\">\n\t\t\t\t<div class=\"elementor-widget-container\">\n\t\t\t\t\t\t\t<div class=\"elementor-spacer\">\n\t\t\t<div class=\"elementor-spacer-inner\"><\/div>\n\t\t<\/div>\n\t\t\t\t\t\t<\/div>\n\t\t\t\t<\/div>\n\t\t\t\t<div class=\"elementor-element elementor-element-78f085f elementor-invisible elementor-widget elementor-widget-heading\" data-id=\"78f085f\" data-element_type=\"widget\" data-e-type=\"widget\" data-settings=\"{&quot;_animation&quot;:&quot;fadeInUp&quot;}\" data-widget_type=\"heading.default\">\n\t\t\t\t<div class=\"elementor-widget-container\">\n\t\t\t\t\t<h2 class=\"elementor-heading-title elementor-size-default\">Hotel Espel<\/h2>\t\t\t\t<\/div>\n\t\t\t\t<\/div>\n\t\t\t\t<div class=\"elementor-element elementor-element-3a8d8fa elementor-invisible elementor-widget elementor-widget-text-editor\" data-id=\"3a8d8fa\" data-element_type=\"widget\" data-e-type=\"widget\" data-settings=\"{&quot;_animation&quot;:&quot;fadeInUp&quot;}\" data-widget_type=\"text-editor.default\">\n\t\t\t\t<div class=\"elementor-widget-container\">\n\t\t\t\t\t\t\t\t\t<p><\/p>\n<div class=\"textwidget\">\n<p>En 1929 quand Miquel et Celestina se sont mari\u00e9s, l\u2019auberge familiale \u201cCal Miquel\u201d existait d\u00e9j\u00e0 avec \u201cla padrina\u201d aux fourneaux. \u00c0 cette \u00e9poque la principale ressource des andorrans \u00e9tait l\u2019agriculture et la couleur verte des pr\u00e9s etait omnipr\u00e9sente dans nos vall\u00e9es. <\/p>\n<p>Petit \u00e0 petit, \u00e0 travers le temps, le tourisme commen\u00e7a \u00e0 appara\u00eetre, et la Principaut\u00e9 \u00e0 se d\u00e9velopper. \u201cCal Miquel\u201d devint alors \u201cCal Espel\u201d pour que le nom de famille ne disparaisse pas le long des g\u00e9n\u00e9rations et, ainsi, comme le tourisme, l\u2019h\u00f4tel cr\u00fbt progressivement. <\/p>\n<p>Aujourd\u2019hui nous continuons la tradition familiale, accueillant de notre mieux nos fid\u00e8les et nos futurs clients \u00e0 Hotel Espel.<\/p>\n<\/div>\n<p><\/p>\n\t\t\t\t\t\t\t\t<\/div>\n\t\t\t\t<\/div>\n\t\t\t\t\t<\/div>\n\t\t\t\t<\/div>\n\t\t<div class=\"elementor-element elementor-element-3f6f0a9 e-flex e-con-boxed e-con e-parent\" data-id=\"3f6f0a9\" data-element_type=\"container\" data-e-type=\"container\">\n\t\t\t\t\t<div class=\"e-con-inner\">\n\t\t\t\t<div class=\"elementor-element elementor-element-44bf9b0 gallery-spacing-custom elementor-invisible elementor-widget elementor-widget-image-gallery\" data-id=\"44bf9b0\" data-element_type=\"widget\" data-e-type=\"widget\" data-settings=\"{&quot;_animation&quot;:&quot;fadeInUp&quot;}\" data-widget_type=\"image-gallery.default\">\n\t\t\t\t<div class=\"elementor-widget-container\">\n\t\t\t\t\t\t\t<div class=\"elementor-image-gallery\">\n\t\t\t<div id='gallery-1' class='gallery galleryid-763 gallery-columns-3 gallery-size-medium_large'><figure class='gallery-item'>\n\t\t\t<div class='gallery-icon landscape'>\n\t\t\t\t<a data-elementor-open-lightbox=\"yes\" data-elementor-lightbox-slideshow=\"44bf9b0\" data-elementor-lightbox-title=\"el_hotel_5\" data-e-action-hash=\"#elementor-action%3Aaction%3Dlightbox%26settings%3DeyJpZCI6NjU0LCJ1cmwiOiJodHRwczpcL1wvd3d3LmhvdGVsZXNwZWwuY29tXC93cC1jb250ZW50XC91cGxvYWRzXC8yMDI0XC8wN1wvZWxfaG90ZWxfNS5wbmciLCJzbGlkZXNob3ciOiI0NGJmOWIwIn0%3D\" href='https:\/\/www.hotelespel.com\/wp-content\/uploads\/2024\/07\/el_hotel_5.png'><img fetchpriority=\"high\" decoding=\"async\" width=\"768\" height=\"576\" src=\"https:\/\/www.hotelespel.com\/wp-content\/uploads\/2024\/07\/el_hotel_5-768x576.png\" class=\"attachment-medium_large size-medium_large\" alt=\"\" aria-describedby=\"gallery-1-654\" srcset=\"https:\/\/www.hotelespel.com\/wp-content\/uploads\/2024\/07\/el_hotel_5-768x576.png 768w, https:\/\/www.hotelespel.com\/wp-content\/uploads\/2024\/07\/el_hotel_5-300x225.png 300w, https:\/\/www.hotelespel.com\/wp-content\/uploads\/2024\/07\/el_hotel_5-1024x768.png 1024w, https:\/\/www.hotelespel.com\/wp-content\/uploads\/2024\/07\/el_hotel_5-1536x1152.png 1536w, https:\/\/www.hotelespel.com\/wp-content\/uploads\/2024\/07\/el_hotel_5-2048x1536.png 2048w\" sizes=\"(max-width: 768px) 100vw, 768px\" \/><\/a>\n\t\t\t<\/div>\n\t\t\t\t<figcaption class='wp-caption-text gallery-caption' id='gallery-1-654'>\n\t\t\t\tHotel Espel\n\t\t\t\t<\/figcaption><\/figure><figure class='gallery-item'>\n\t\t\t<div class='gallery-icon landscape'>\n\t\t\t\t<a data-elementor-open-lightbox=\"yes\" data-elementor-lightbox-slideshow=\"44bf9b0\" data-elementor-lightbox-title=\"el_hotel_3\" data-e-action-hash=\"#elementor-action%3Aaction%3Dlightbox%26settings%3DeyJpZCI6NjUxLCJ1cmwiOiJodHRwczpcL1wvd3d3LmhvdGVsZXNwZWwuY29tXC93cC1jb250ZW50XC91cGxvYWRzXC8yMDI0XC8wN1wvZWxfaG90ZWxfMy5wbmciLCJzbGlkZXNob3ciOiI0NGJmOWIwIn0%3D\" href='https:\/\/www.hotelespel.com\/wp-content\/uploads\/2024\/07\/el_hotel_3.png'><img decoding=\"async\" width=\"768\" height=\"576\" src=\"https:\/\/www.hotelespel.com\/wp-content\/uploads\/2024\/07\/el_hotel_3-768x576.png\" class=\"attachment-medium_large size-medium_large\" alt=\"\" aria-describedby=\"gallery-1-651\" srcset=\"https:\/\/www.hotelespel.com\/wp-content\/uploads\/2024\/07\/el_hotel_3-768x576.png 768w, https:\/\/www.hotelespel.com\/wp-content\/uploads\/2024\/07\/el_hotel_3-300x225.png 300w, https:\/\/www.hotelespel.com\/wp-content\/uploads\/2024\/07\/el_hotel_3-1024x768.png 1024w, https:\/\/www.hotelespel.com\/wp-content\/uploads\/2024\/07\/el_hotel_3-1536x1152.png 1536w, https:\/\/www.hotelespel.com\/wp-content\/uploads\/2024\/07\/el_hotel_3-2048x1536.png 2048w\" sizes=\"(max-width: 768px) 100vw, 768px\" \/><\/a>\n\t\t\t<\/div>\n\t\t\t\t<figcaption class='wp-caption-text gallery-caption' id='gallery-1-651'>\n\t\t\t\tHotel Espel\n\t\t\t\t<\/figcaption><\/figure><figure class='gallery-item'>\n\t\t\t<div class='gallery-icon landscape'>\n\t\t\t\t<a data-elementor-open-lightbox=\"yes\" data-elementor-lightbox-slideshow=\"44bf9b0\" data-elementor-lightbox-title=\"el_hotel_21\" data-e-action-hash=\"#elementor-action%3Aaction%3Dlightbox%26settings%3DeyJpZCI6NjYwLCJ1cmwiOiJodHRwczpcL1wvd3d3LmhvdGVsZXNwZWwuY29tXC93cC1jb250ZW50XC91cGxvYWRzXC8yMDI0XC8wN1wvZWxfaG90ZWxfMjEucG5nIiwic2xpZGVzaG93IjoiNDRiZjliMCJ9\" href='https:\/\/www.hotelespel.com\/wp-content\/uploads\/2024\/07\/el_hotel_21.png'><img decoding=\"async\" width=\"768\" height=\"576\" src=\"https:\/\/www.hotelespel.com\/wp-content\/uploads\/2024\/07\/el_hotel_21-768x576.png\" class=\"attachment-medium_large size-medium_large\" alt=\"\" aria-describedby=\"gallery-1-660\" srcset=\"https:\/\/www.hotelespel.com\/wp-content\/uploads\/2024\/07\/el_hotel_21-768x576.png 768w, https:\/\/www.hotelespel.com\/wp-content\/uploads\/2024\/07\/el_hotel_21-300x225.png 300w, https:\/\/www.hotelespel.com\/wp-content\/uploads\/2024\/07\/el_hotel_21-1024x768.png 1024w, https:\/\/www.hotelespel.com\/wp-content\/uploads\/2024\/07\/el_hotel_21-1536x1152.png 1536w, https:\/\/www.hotelespel.com\/wp-content\/uploads\/2024\/07\/el_hotel_21-2048x1536.png 2048w\" sizes=\"(max-width: 768px) 100vw, 768px\" \/><\/a>\n\t\t\t<\/div>\n\t\t\t\t<figcaption class='wp-caption-text gallery-caption' id='gallery-1-660'>\n\t\t\t\tHotel Espel\n\t\t\t\t<\/figcaption><\/figure><figure class='gallery-item'>\n\t\t\t<div class='gallery-icon landscape'>\n\t\t\t\t<a data-elementor-open-lightbox=\"yes\" data-elementor-lightbox-slideshow=\"44bf9b0\" data-elementor-lightbox-title=\"el_hotel_11\" data-e-action-hash=\"#elementor-action%3Aaction%3Dlightbox%26settings%3DeyJpZCI6NjU3LCJ1cmwiOiJodHRwczpcL1wvd3d3LmhvdGVsZXNwZWwuY29tXC93cC1jb250ZW50XC91cGxvYWRzXC8yMDI0XC8wN1wvZWxfaG90ZWxfMTEucG5nIiwic2xpZGVzaG93IjoiNDRiZjliMCJ9\" href='https:\/\/www.hotelespel.com\/wp-content\/uploads\/2024\/07\/el_hotel_11.png'><img loading=\"lazy\" decoding=\"async\" width=\"768\" height=\"576\" src=\"https:\/\/www.hotelespel.com\/wp-content\/uploads\/2024\/07\/el_hotel_11-768x576.png\" class=\"attachment-medium_large size-medium_large\" alt=\"\" aria-describedby=\"gallery-1-657\" srcset=\"https:\/\/www.hotelespel.com\/wp-content\/uploads\/2024\/07\/el_hotel_11-768x576.png 768w, https:\/\/www.hotelespel.com\/wp-content\/uploads\/2024\/07\/el_hotel_11-300x225.png 300w, https:\/\/www.hotelespel.com\/wp-content\/uploads\/2024\/07\/el_hotel_11-1024x768.png 1024w, https:\/\/www.hotelespel.com\/wp-content\/uploads\/2024\/07\/el_hotel_11-1536x1152.png 1536w, https:\/\/www.hotelespel.com\/wp-content\/uploads\/2024\/07\/el_hotel_11-2048x1536.png 2048w\" sizes=\"(max-width: 768px) 100vw, 768px\" \/><\/a>\n\t\t\t<\/div>\n\t\t\t\t<figcaption class='wp-caption-text gallery-caption' id='gallery-1-657'>\n\t\t\t\tHotel Espel\n\t\t\t\t<\/figcaption><\/figure><figure class='gallery-item'>\n\t\t\t<div class='gallery-icon landscape'>\n\t\t\t\t<a data-elementor-open-lightbox=\"yes\" data-elementor-lightbox-slideshow=\"44bf9b0\" data-elementor-lightbox-title=\"el_hotel_4\" data-e-action-hash=\"#elementor-action%3Aaction%3Dlightbox%26settings%3DeyJpZCI6NjQ4LCJ1cmwiOiJodHRwczpcL1wvd3d3LmhvdGVsZXNwZWwuY29tXC93cC1jb250ZW50XC91cGxvYWRzXC8yMDI0XC8wN1wvZWxfaG90ZWxfNC5wbmciLCJzbGlkZXNob3ciOiI0NGJmOWIwIn0%3D\" href='https:\/\/www.hotelespel.com\/wp-content\/uploads\/2024\/07\/el_hotel_4.png'><img loading=\"lazy\" decoding=\"async\" width=\"768\" height=\"576\" src=\"https:\/\/www.hotelespel.com\/wp-content\/uploads\/2024\/07\/el_hotel_4-768x576.png\" class=\"attachment-medium_large size-medium_large\" alt=\"\" aria-describedby=\"gallery-1-648\" srcset=\"https:\/\/www.hotelespel.com\/wp-content\/uploads\/2024\/07\/el_hotel_4-768x576.png 768w, https:\/\/www.hotelespel.com\/wp-content\/uploads\/2024\/07\/el_hotel_4-300x225.png 300w, https:\/\/www.hotelespel.com\/wp-content\/uploads\/2024\/07\/el_hotel_4-1024x768.png 1024w, https:\/\/www.hotelespel.com\/wp-content\/uploads\/2024\/07\/el_hotel_4-1536x1152.png 1536w, https:\/\/www.hotelespel.com\/wp-content\/uploads\/2024\/07\/el_hotel_4-2048x1536.png 2048w\" sizes=\"(max-width: 768px) 100vw, 768px\" \/><\/a>\n\t\t\t<\/div>\n\t\t\t\t<figcaption class='wp-caption-text gallery-caption' id='gallery-1-648'>\n\t\t\t\tHotel Espel\n\t\t\t\t<\/figcaption><\/figure>\n\t\t<\/div>\n\t\t<\/div>\n\t\t\t\t\t\t<\/div>\n\t\t\t\t<\/div>\n\t\t\t\t\t<\/div>\n\t\t\t\t<\/div>\n\t\t<div class=\"elementor-element elementor-element-36d372bc e-con-full e-flex e-con e-parent\" data-id=\"36d372bc\" data-element_type=\"container\" data-e-type=\"container\" data-settings=\"{&quot;background_background&quot;:&quot;classic&quot;}\">\n\t\t\t\t<div class=\"elementor-element elementor-element-6a39fc0 elementor-invisible elementor-widget elementor-widget-heading\" data-id=\"6a39fc0\" data-element_type=\"widget\" data-e-type=\"widget\" data-settings=\"{&quot;_animation&quot;:&quot;fadeInUp&quot;}\" data-widget_type=\"heading.default\">\n\t\t\t\t<div class=\"elementor-widget-container\">\n\t\t\t\t\t<h2 class=\"elementor-heading-title elementor-size-default\">R\u00e9servez votre s\u00e9jour<\/h2>\t\t\t\t<\/div>\n\t\t\t\t<\/div>\n\t\t\t\t<div class=\"elementor-element elementor-element-49ee6e6e elementor-align-center elementor-invisible elementor-widget elementor-widget-button\" data-id=\"49ee6e6e\" data-element_type=\"widget\" data-e-type=\"widget\" data-settings=\"{&quot;_animation&quot;:&quot;fadeInUp&quot;}\" data-widget_type=\"button.default\">\n\t\t\t\t<div class=\"elementor-widget-container\">\n\t\t\t\t\t\t\t\t\t<div class=\"elementor-button-wrapper\">\n\t\t\t\t\t<a class=\"elementor-button elementor-button-link elementor-size-md elementor-animation-grow\" href=\"https:\/\/hotelespel.widgetbooking.com?rooms=1&#038;platformId=2&#038;widgetId=2427&#038;roomsCfg=1-2-0&#038;firstSearch=true&#038;language=es\">\n\t\t\t\t\t\t<span class=\"elementor-button-content-wrapper\">\n\t\t\t\t\t\t\t\t\t<span class=\"elementor-button-text\">V\u00e9rifier la disponibilit\u00e9<\/span>\n\t\t\t\t\t<\/span>\n\t\t\t\t\t<\/a>\n\t\t\t\t<\/div>\n\t\t\t\t\t\t\t\t<\/div>\n\t\t\t\t<\/div>\n\t\t\t\t<\/div>\n\t\t\t\t<\/div>\n\t\t","protected":false},"excerpt":{"rendered":"<p>Histoire Hotel Espel En 1929 quand Miquel et Celestina se sont mari\u00e9s, l\u2019auberge familiale \u201cCal Miquel\u201d existait d\u00e9j\u00e0 avec \u201cla padrina\u201d aux fourneaux. \u00c0 cette \u00e9poque la principale ressource des andorrans \u00e9tait l\u2019agriculture et la couleur verte des pr\u00e9s etait omnipr\u00e9sente dans nos vall\u00e9es. Petit \u00e0 petit, \u00e0 travers le temps, le tourisme commen\u00e7a \u00e0 [&hellip;]<\/p>\n","protected":false},"author":1,"featured_media":0,"parent":0,"menu_order":0,"comment_status":"closed","ping_status":"closed","template":"","meta":{"footnotes":""},"class_list":["post-763","page","type-page","status-publish","hentry"],"_links":{"self":[{"href":"https:\/\/www.hotelespel.com\/fr\/wp-json\/wp\/v2\/pages\/763","targetHints":{"allow":["GET"]}}],"collection":[{"href":"https:\/\/www.hotelespel.com\/fr\/wp-json\/wp\/v2\/pages"}],"about":[{"href":"https:\/\/www.hotelespel.com\/fr\/wp-json\/wp\/v2\/types\/page"}],"author":[{"embeddable":true,"href":"https:\/\/www.hotelespel.com\/fr\/wp-json\/wp\/v2\/users\/1"}],"replies":[{"embeddable":true,"href":"https:\/\/www.hotelespel.com\/fr\/wp-json\/wp\/v2\/comments?post=763"}],"version-history":[{"count":0,"href":"https:\/\/www.hotelespel.com\/fr\/wp-json\/wp\/v2\/pages\/763\/revisions"}],"wp:attachment":[{"href":"https:\/\/www.hotelespel.com\/fr\/wp-json\/wp\/v2\/media?parent=763"}],"curies":[{"name":"wp","href":"https:\/\/api.w.org\/{rel}","templated":true}]}}