{"id":1076,"date":"2025-09-10T07:57:06","date_gmt":"2025-09-10T07:57:06","guid":{"rendered":"https:\/\/www.hotelespel.com\/descarrec-de-responsabilitat\/"},"modified":"2025-09-10T07:57:06","modified_gmt":"2025-09-10T07:57:06","slug":"descarrec-de-responsabilitat","status":"publish","type":"page","link":"https:\/\/www.hotelespel.com\/ca\/descarrec-de-responsabilitat\/","title":{"rendered":"Desc\u00e0rrec de responsabilitat"},"content":{"rendered":"\n<!-- Legal document generated by Complianz | GDPR\/CCPA Cookie Consent https:\/\/wordpress.org\/plugins\/complianz-gdpr -->\n<div id=\"cmplz-document\" class=\"cmplz-document disclaimer cmplz-document-all\"><p>Hotel Espel es compromet a mantenir aquest lloc web actualitzat i prec\u00eds. Tanmateix, si trobeu alguna cosa incorrecta o obsoleta, us agrairem que ens ho feu saber. Si us plau, indiqueu on del lloc web heu llegit la informaci\u00f3. Aleshores ho mirarem tan aviat com sigui possible. Envieu la vostra resposta per correu electr\u00f2nic a: .    <\/p><p>No ens fem responsables de les p\u00e8rdues com a conseq\u00fc\u00e8ncia d'incorreccions o incompletituds, ni de les p\u00e8rdues derivades de problemes causats o inherents a la difusi\u00f3 d'informaci\u00f3 a trav\u00e9s d'Internet, com ara interrupcions o interrupcions. Quan utilitzem formularis web, ens esforcem per limitar el nombre de camps obligatoris al m\u00ednim. Per a qualsevol p\u00e8rdua patida com a conseq\u00fc\u00e8ncia de l'\u00fas de dades, consells o idees proporcionades per o en nom de Hotel Espel a trav\u00e9s d'aquest lloc web, Hotel Espel no assumeix cap responsabilitat.  <\/p><p>Tots els drets de propietat intel\u00b7lectual del contingut d'aquest lloc web corresponen a Hotel Espel.<\/p><p>No es permet la c\u00f2pia, la difusi\u00f3 i qualsevol altre \u00fas d'aquests materials sense el perm\u00eds per escrit de Hotel Espel, excepte i nom\u00e9s en la mesura en qu\u00e8 s'estipula el contrari en les normes de llei imperativa (com ara el dret a citar), tret que un contingut espec\u00edfic indiqui el contrari.<\/p><p>Si teniu cap pregunta o problema amb l'accessibilitat del lloc web, no dubteu a posar-vos en contacte amb nosaltres.<\/p><\/div>\n","protected":false},"excerpt":{"rendered":"","protected":false},"author":1,"featured_media":0,"parent":0,"menu_order":0,"comment_status":"closed","ping_status":"closed","template":"","meta":{"footnotes":""},"class_list":["post-1076","page","type-page","status-publish","hentry"],"_links":{"self":[{"href":"https:\/\/www.hotelespel.com\/ca\/wp-json\/wp\/v2\/pages\/1076","targetHints":{"allow":["GET"]}}],"collection":[{"href":"https:\/\/www.hotelespel.com\/ca\/wp-json\/wp\/v2\/pages"}],"about":[{"href":"https:\/\/www.hotelespel.com\/ca\/wp-json\/wp\/v2\/types\/page"}],"author":[{"embeddable":true,"href":"https:\/\/www.hotelespel.com\/ca\/wp-json\/wp\/v2\/users\/1"}],"replies":[{"embeddable":true,"href":"https:\/\/www.hotelespel.com\/ca\/wp-json\/wp\/v2\/comments?post=1076"}],"version-history":[{"count":0,"href":"https:\/\/www.hotelespel.com\/ca\/wp-json\/wp\/v2\/pages\/1076\/revisions"}],"wp:attachment":[{"href":"https:\/\/www.hotelespel.com\/ca\/wp-json\/wp\/v2\/media?parent=1076"}],"curies":[{"name":"wp","href":"https:\/\/api.w.org\/{rel}","templated":true}]}}